{"id":853,"date":"2016-03-03T15:41:51","date_gmt":"2016-03-03T14:41:51","guid":{"rendered":"http:\/\/www.aurasprayers.com\/fr\/privacy-policy-cookies-2\/"},"modified":"2025-07-03T10:06:00","modified_gmt":"2025-07-03T08:06:00","slug":"privacy-policy-cookies-2","status":"publish","type":"page","link":"https:\/\/www.aurasprayers.com\/fr\/privacy-policy-cookies-2\/","title":{"rendered":"Conditions G\u00e9n\u00e9rales d&rsquo;Utilisation"},"content":{"rendered":"\n<h2 class=\"wp-block-heading\">Mentions l\u00e9gales<\/h2>\n\n\n\n<p>Fournisseur<\/p>\n\n\n\n<p>J. Wagner GmbH<br>Otto-Lilienthal-Str. 18<br>88677 Markdorf, Germany<br>PO Box 1120, 88669 Markdorf<br>Telephone: +49 (0) 75 44 \/ 5 05-0<br>Telefax: +49 (0) 75 44 \/ 5 05-2 00<br>E-Mail: wagner@wagner-group.com<br>Website: www.wagner-group.com<\/p>\n\n\n\n<p>CEO:<br>Michael M\u00fcller<br>Tribunal d&rsquo;inscription : Freiburg district court, HRB 581403<br>Enregistr\u00e9 le 13 juillet 2000U<br>St.-\/VAT-\/TVA-IdNr.: DE813021567<\/p>\n\n\n\n<h5 class=\"wp-block-heading\">Concept, design &amp; cr\u00e9ation :<\/h5>\n\n\n\n<p>S\u00fcdsicht Medien GmbH<br>Fallenbrunnen 17<br>88045 Friedrichshafen, Germany<br>E-Mail: kontakt@suedsicht.de<br>Site web : www.suedsicht.de<\/p>\n\n\n\n<h5 class=\"wp-block-heading\">Information l\u00e9gale<\/h5>\n\n\n\n<p>L&rsquo;utilisation du site web J. Wagner GmbH est r\u00e9gie par les dispositions suivantes, que vous d\u00e9clarez accepter en vous connectant au site :<\/p>\n\n\n\n<h5 class=\"wp-block-heading\">Protection des donn\u00e9es personnelle<\/h5>\n\n\n\n<p>Si le site J. Wagner GmbH offre l&rsquo;option de saisir vos donn\u00e9es professionnelles ou personnelles, l&rsquo;utilisateur les fournit de mani\u00e8re volontaire. J Wagner GmbH d\u00e9clare explicitement que ces donn\u00e9es seront utilis\u00e9es aux fins sp\u00e9cifi\u00e9es, et ne seront pas transmises \u00e1 des tiers. Toutes les informations seront trait\u00e9es dans la plus stricte confidentialit\u00e9 et conform\u00e9ment \u00e1 la l\u00e9gislation en vigueur sur la protection des donn\u00e9es personnelles.<br>J. Wagner GmbH est membre de la GDD (association allemande pour la protection des donn\u00e9es personnelles et la s\u00e9curit\u00e9 des donn\u00e9es).<br>Pour les d\u00e9tails sur la collecte, le traitement et l&rsquo;utilisation des donn\u00e9es, veuillez consulter nos directives sur la protection des donn\u00e9es personnelles.<\/p>\n\n\n\n<h5 class=\"wp-block-heading\">Non-responsabilit\u00e9 quant aux liens<\/h5>\n\n\n\n<p>Malgr\u00e9 des v\u00e9rifications minutieuses des contenus, nous ne saurions \u00eatre tenus responsables des contenus des liens externes (liens renvoyant vers les sites de tiers). Le contenu des sites web vers lesquels renvoient les liens rel\u00e8ve de la seule responsabilit\u00e9 de leurs administrateurs. En cas de dommage r\u00e9sultat de l&rsquo;utilisation de tels sites externes, le fournisseur du site en question en a l&rsquo;enti\u00e8re responsabilit\u00e9.<\/p>\n\n\n\n<h5 class=\"wp-block-heading\">Non-responsabilit\u00e9 quant aux informations<\/h5>\n\n\n\n<p>Les contenus de ces pages web sont \u00e1 titre purement informatif. Bien que toutes les informations soient v\u00e9rifi\u00e9es afin d&rsquo;en assurer une exactitude absolue, elles peuvent toutefois contenir des erreurs ou des inexactitudes. Ainsi, J. Wagner GmbH ne saurait \u00eatre tenu responsable quant aux lacunes en termes de pr\u00e9cision, d&rsquo;int\u00e9gralit\u00e9 ou de pertinence de ses sites web, ni quant aux dommages, mat\u00e9riels et immat\u00e9riels, r\u00e9sultant de l&rsquo;utilisation d&rsquo;informations incompl\u00e8tes ou incorrectes contenus dans ce site web. La soci\u00e9t\u00e9 J. Wagner GmbH se r\u00e9serve express\u00e9ment le droit de modifier, compl\u00e9ter, supprimer ou cesser la publication de ce site, en tout ou partie, de mani\u00e8re temporaire ou permanente, et sans notification pr\u00e9alable.<\/p>\n\n\n\n<h5 class=\"wp-block-heading\">Copyright<\/h5>\n\n\n\n<p>Ces pages web ont pour objet de fournir des informations sur la soci\u00e9t\u00e9 J. Wagner GmbH et ses produits. Le contenu texte, les images, les graphiques et la mise en page, ainsi que le design graphique de ces pages web, sont prot\u00e9g\u00e9s par copyright. Tout contenu apparaissant sur ces pages est interdit \u00e1 la copie, la distribution et la modification \u00e1 des fins commerciales. Le t\u00e9l\u00e9chargement et l&rsquo;impression du contenu du texte, des images et des \u00e9l\u00e9ments graphiques n&rsquo;est autoris\u00e9 que pour une utilisation personnelle, priv\u00e9e et non-commerciale. La reproduction de graphiques, d&rsquo;images, de documents audio, de s\u00e9quences vid\u00e9os et de textes dans d&rsquo;autres publications \u00e9lectroniques ou papier n&rsquo;est autoris\u00e9e qu&rsquo;apr\u00e8s accord \u00e9crit de la part de J. Wagner GmbH.L&rsquo;utilisation de deep-linking au niveau des contenus ou des produits, ainsi que l&rsquo;affichage des contenus du groupe dans les pages n\u00e9cessitent un accord pr\u00e9alable.<\/p>\n\n\n\n<h5 class=\"wp-block-heading\">Noms de marques<\/h5>\n\n\n\n<p>WAGNER, le logo WAGNER et autres produits et services WAGNER mentionn\u00e9s dans le texte, ainsi que les logos correspondants, sont des marques ou des marques d\u00e9pos\u00e9es de J. Wagner GmbH en Allemagne et d&rsquo;autres pays du monde. La soci\u00e9t\u00e9 J. Wagner GmbH ne permet pas l&rsquo;utilisation d&rsquo;une marque tierce ou de tout autre symbole pouvant \u00eatre confondu avec les marques ou les produits de J. Wagner GmbH, ou qui pourraient, de toute autre mani\u00e8re, affaiblir la possibilit\u00e9 de distinction des marques ou noms de produits de J. Wagner GmbH.L&rsquo;utilisation de marques ou de noms de marque, notamment dans les descriptions de produits dans la section Shopping, pr\u00e9suppose la reconnaissance des droits des propri\u00e9taires respectifs.<\/p>\n","protected":false},"excerpt":{"rendered":"<p>Mentions l\u00e9gales Fournisseur J. Wagner GmbHOtto-Lilienthal-Str. 1888677 Markdorf, GermanyPO Box 1120, 88669 MarkdorfTelephone: +49 (0) 75 44 \/ 5 05-0Telefax: +49 (0) 75 44 \/ [&hellip;]<\/p>\n","protected":false},"author":2,"featured_media":0,"parent":0,"menu_order":24,"comment_status":"closed","ping_status":"closed","template":"","meta":{"_acf_changed":false,"footnotes":""},"class_list":["post-853","page","type-page","status-publish","hentry"],"acf":[],"_links":{"self":[{"href":"https:\/\/www.aurasprayers.com\/fr\/wp-json\/wp\/v2\/pages\/853","targetHints":{"allow":["GET"]}}],"collection":[{"href":"https:\/\/www.aurasprayers.com\/fr\/wp-json\/wp\/v2\/pages"}],"about":[{"href":"https:\/\/www.aurasprayers.com\/fr\/wp-json\/wp\/v2\/types\/page"}],"author":[{"embeddable":true,"href":"https:\/\/www.aurasprayers.com\/fr\/wp-json\/wp\/v2\/users\/2"}],"replies":[{"embeddable":true,"href":"https:\/\/www.aurasprayers.com\/fr\/wp-json\/wp\/v2\/comments?post=853"}],"version-history":[{"count":5,"href":"https:\/\/www.aurasprayers.com\/fr\/wp-json\/wp\/v2\/pages\/853\/revisions"}],"predecessor-version":[{"id":2285,"href":"https:\/\/www.aurasprayers.com\/fr\/wp-json\/wp\/v2\/pages\/853\/revisions\/2285"}],"wp:attachment":[{"href":"https:\/\/www.aurasprayers.com\/fr\/wp-json\/wp\/v2\/media?parent=853"}],"curies":[{"name":"wp","href":"https:\/\/api.w.org\/{rel}","templated":true}]}}