{"id":851,"date":"2016-03-03T15:42:10","date_gmt":"2016-03-03T14:42:10","guid":{"rendered":"http:\/\/www.aurasprayers.com\/fr\/statement-terms-conditions-2\/"},"modified":"2016-08-24T14:15:22","modified_gmt":"2016-08-24T12:15:22","slug":"statement-terms-conditions-2","status":"publish","type":"page","link":"https:\/\/www.aurasprayers.com\/fr\/statement-terms-conditions-2\/","title":{"rendered":"Conditions g\u00e9n\u00e9rales d&rsquo;utilisation"},"content":{"rendered":"<h5>Conditions g\u00e9n\u00e9rales d&rsquo;utilisation \/ Conditions g\u00e9n\u00e9rales de vente \/ Accord de contr\u00f4le qualit\u00e9<\/h5>\n<p>Veuillez t\u00e9l\u00e9charger nos conditions g\u00e9n\u00e9rales d&rsquo;utilisation, nos Conditions g\u00e9n\u00e9rales de vente et notre accord de contr\u00f4le qualit\u00e9.<\/p>\n<p><a href=\"http:\/\/www.aurasprayers.com\/wp-content\/uploads\/2016\/06\/2015_AGB_Deutsch.pdf\">Conditions g\u00e9n\u00e9rales d&rsquo;utilisation pour J. Wagner GmbH Germany<\/a><\/p>\n<p><a href=\"http:\/\/www.aurasprayers.com\/wp-content\/uploads\/2016\/06\/Einkaufsbedingungen_Deutsch_03-2015.pdf\">Conditions g\u00e9n\u00e9rales de vente<\/a><\/p>\n<p><a href=\"http:\/\/www.aurasprayers.com\/wp-content\/uploads\/2016\/06\/QSV_110328.pdf\"> Accord de contr\u00f4le qualit\u00e9<\/a><\/p>\n","protected":false},"excerpt":{"rendered":"<p>Conditions g\u00e9n\u00e9rales d&rsquo;utilisation \/ Conditions g\u00e9n\u00e9rales de vente \/ Accord de contr\u00f4le qualit\u00e9 Veuillez t\u00e9l\u00e9charger nos conditions g\u00e9n\u00e9rales d&rsquo;utilisation, nos Conditions g\u00e9n\u00e9rales de vente et [&hellip;]<\/p>\n","protected":false},"author":2,"featured_media":0,"parent":0,"menu_order":30,"comment_status":"closed","ping_status":"closed","template":"","meta":{"_acf_changed":false,"footnotes":""},"class_list":["post-851","page","type-page","status-publish","hentry"],"acf":[],"_links":{"self":[{"href":"https:\/\/www.aurasprayers.com\/fr\/wp-json\/wp\/v2\/pages\/851","targetHints":{"allow":["GET"]}}],"collection":[{"href":"https:\/\/www.aurasprayers.com\/fr\/wp-json\/wp\/v2\/pages"}],"about":[{"href":"https:\/\/www.aurasprayers.com\/fr\/wp-json\/wp\/v2\/types\/page"}],"author":[{"embeddable":true,"href":"https:\/\/www.aurasprayers.com\/fr\/wp-json\/wp\/v2\/users\/2"}],"replies":[{"embeddable":true,"href":"https:\/\/www.aurasprayers.com\/fr\/wp-json\/wp\/v2\/comments?post=851"}],"version-history":[{"count":1,"href":"https:\/\/www.aurasprayers.com\/fr\/wp-json\/wp\/v2\/pages\/851\/revisions"}],"predecessor-version":[{"id":903,"href":"https:\/\/www.aurasprayers.com\/fr\/wp-json\/wp\/v2\/pages\/851\/revisions\/903"}],"wp:attachment":[{"href":"https:\/\/www.aurasprayers.com\/fr\/wp-json\/wp\/v2\/media?parent=851"}],"curies":[{"name":"wp","href":"https:\/\/api.w.org\/{rel}","templated":true}]}}