{"id":854,"date":"2016-03-03T15:41:51","date_gmt":"2016-03-03T14:41:51","guid":{"rendered":"http:\/\/www.aurasprayers.com\/de\/privacy-policy-cookies-2\/"},"modified":"2025-07-03T10:05:12","modified_gmt":"2025-07-03T08:05:12","slug":"privacy-policy-cookies-2","status":"publish","type":"page","link":"https:\/\/www.aurasprayers.com\/de\/privacy-policy-cookies-2\/","title":{"rendered":"Nutzungsbedingungen"},"content":{"rendered":"\n<h2 class=\"wp-block-heading\">Impressum<\/h2>\n\n\n\n<p>Lieferant:<\/p>\n\n\n\n<p>J. Wagner GmbH<br>Otto-Lilienthal-Str. 18<br>88677 Markdorf, Deutschland<br>Postfach 1120, 88669 Markdorf<br>Telefon: +49 (0) 75 44 \/ 5 05-0<br>Fax: +49 (0) 75 44 \/ 5 05-2 00<br>E-Mail: wagner@wagner-group.com<br>Website: www.wagner-group.com<\/p>\n\n\n\n<p>Gesch\u00e4ftsf\u00fchrer:<br>Michael M\u00fcller<br>Registergericht: Bezirksgericht Freiburg, HRB 581403<br>Eingetragen am 13. Juli 2000<br>USt.-\/VAT-\/TVA-IdNr.: DE813021567<\/p>\n\n\n\n<h5 class=\"wp-block-heading\">Konzept, Design und Erstellung:<\/h5>\n\n\n\n<p>S\u00fcdsicht Medien GmbH<br>Fallenbrunnen 17<br>88045 Friedrichshafen, Deutschland<br>E-Mail: kontakt@suedsicht.de<br>Website: www.suedsicht.de<\/p>\n\n\n\n<h5 class=\"wp-block-heading\">Rechtliche Hinweise<\/h5>\n\n\n\n<p>Die Nutzung der Website der J. Wagner GmbH unterliegt den folgenden Bestimmungen. Durch Ihre Nutzung dieser Website erkennen Sie diese Bedingungen an:<\/p>\n\n\n\n<h5 class=\"wp-block-heading\">Datenschutz<\/h5>\n\n\n\n<p>Sofern auf der Website der J. Wagner GmbH die M\u00f6glichkeit zur Eingabe pers\u00f6nlicher oder gesch\u00e4ftlicher Daten angeboten wird, erfolgt die Eingabe durch den Benutzer auf freiwilliger Basis. Die J Wagner GmbH weist ausdr\u00fccklich darauf hin, dass diese Daten ausschlie\u00dflich f\u00fcr den angegebenen Zweck verwendet und nicht an Dritte weitergegeben zu werden. Alle Informationen werden gem\u00e4\u00df den anzuwendenden Datenschutzgesetzen vertraulich behandelt.<br>Die J. Wagner GmbH ist eingetragenes Mitglied der GDD (Deutsche Gesellschaft f\u00fcr Datenschutz und Datensicherheit).<br>Ausf\u00fchrliche Informationen zu der Erfassung, Verarbeitung und Nutzung der Daten finden Sie in unseren Datenschutzrichtlinien.<\/p>\n\n\n\n<h5 class=\"wp-block-heading\">Haftungsausschluss f\u00fcr Links<\/h5>\n\n\n\n<p>Trotz sorgf\u00e4ltiger Pr\u00fcfung der Inhalte \u00fcbernehmen wir keine Haftung f\u00fcr den Inhalt externer Links (Links zu Drittanbieter-Webseiten). F\u00fcr den Inhalt verlinkter Webseiten sind ausschlie\u00dflich die Betreiber der Webseiten verantwortlich. F\u00fcr Sch\u00e4den aufgrund der Nutzung externer Webseiten haften allein die Betreiber der verlinkten Webseiten.<\/p>\n\n\n\n<h5 class=\"wp-block-heading\">Informations-Haftungsausschluss<\/h5>\n\n\n\n<p>Der Inhalt dieser Webseiten dient ausschlie\u00dflich allgemeinen Informationszwecken. Auch wenn alle Informationen auf ihre Korrektheit und Vollst\u00e4ndigkeit gepr\u00fcft werden, k\u00f6nnen gelegentliche Fehler oder Ungenauigkeiten nicht ausgeschlossen werden. Die J. Wagner GmbH \u00fcbernimmt daher keine Haftung in Bezug auf die Korrektheit, Vollst\u00e4ndigkeit oder Sachbezogenheit ihrer Webseiten f\u00fcr materielle oder immaterielle Sch\u00e4den durch die Nutzung falscher oder unvollst\u00e4ndiger Informationen auf dieser Webseite. Die J. Wagner GmbH beh\u00e4lt sich ausdr\u00fccklich das Recht vor, diese Webseite oder jeden Teil derselben zu \u00e4ndern, zu erg\u00e4nzen, zu l\u00f6schen oder die Ver\u00f6ffentlichung vor\u00fcbergehend oder dauerhaft ohne besondere Ank\u00fcndigung einzustellen.<\/p>\n\n\n\n<h5 class=\"wp-block-heading\">Urheberrecht<\/h5>\n\n\n\n<p>Diese Webseiten bieten Informationen \u00fcber die J. Wagner GmbH und ihre Produkte. Die Textinhalte, Bilder, Grafiken und das Layout sowie das gesamte Grafikdesign dieser Webseiten sind urheberrechtlich gesch\u00fctzt. Die auf den Seiten ver\u00f6ffentlichten Inhalte d\u00fcrfen nicht zu gewerblichen Zwecken kopiert, weitergegeben oder ge\u00e4ndert werden. Textinhalte, Bilder und grafische Elemente d\u00fcrfen nur f\u00fcr die pers\u00f6nliche, private und nicht-gewerbliche Nutzung heruntergeladen und ausgedruckt werden. Die Reproduktion von Grafiken, Bildern, Audio-Dokumenten, Videosequenzen und Texten in anderen elektronischen oder Druck-Publikationen ist nur mit der vorherigen schriftlichen Genehmigung der J. Wagner GmbH erlaubt.<br>Die Verwendung von Deep Links zu Inhalts- oder Produktebenen oder die Anzeige von Inhalten des Wagner-Konzerns auf Rahmenseiten bedarf der vorherigen Genehmigung.<\/p>\n\n\n\n<h5 class=\"wp-block-heading\">Handelsnamen<\/h5>\n\n\n\n<p>WAGNER, das WAGNER-Logo und andere im Text erw\u00e4hnte WAGNER-Produkte und -Dienstleistungen sowie die entsprechenden Logos sind Markenzeichen oder eingetragene Warenzeichen der J. Wagner GmbH in Deutschland und anderen L\u00e4ndern weltweit. Die J. Wagner GmbH verbietet die Nutzung von Drittmarken oder anderen Symbolen, die mit den Marken oder Produkten der J. Wagner GmbH verwechselt werden oder die Unterscheidbarkeit der Marken oder Produktnamen der J. Wagner GmbH auf andere Weise beeintr\u00e4chtigen k\u00f6nnen.<br>Die Nutzung der Warenzeichen oder Markennamen und insbesondere der Produktbezeichnungen im Shop-Bereich erfolgt in Anerkennung der Rechte ihrer jeweiligen Eigent\u00fcmer.<\/p>\n","protected":false},"excerpt":{"rendered":"<p>Impressum Lieferant: J. Wagner GmbHOtto-Lilienthal-Str. 1888677 Markdorf, DeutschlandPostfach 1120, 88669 MarkdorfTelefon: +49 (0) 75 44 \/ 5 05-0Fax: +49 (0) 75 44 \/ 5 05-2 [&hellip;]<\/p>\n","protected":false},"author":2,"featured_media":0,"parent":0,"menu_order":24,"comment_status":"closed","ping_status":"closed","template":"","meta":{"_acf_changed":false,"footnotes":""},"class_list":["post-854","page","type-page","status-publish","hentry"],"acf":[],"_links":{"self":[{"href":"https:\/\/www.aurasprayers.com\/de\/wp-json\/wp\/v2\/pages\/854","targetHints":{"allow":["GET"]}}],"collection":[{"href":"https:\/\/www.aurasprayers.com\/de\/wp-json\/wp\/v2\/pages"}],"about":[{"href":"https:\/\/www.aurasprayers.com\/de\/wp-json\/wp\/v2\/types\/page"}],"author":[{"embeddable":true,"href":"https:\/\/www.aurasprayers.com\/de\/wp-json\/wp\/v2\/users\/2"}],"replies":[{"embeddable":true,"href":"https:\/\/www.aurasprayers.com\/de\/wp-json\/wp\/v2\/comments?post=854"}],"version-history":[{"count":6,"href":"https:\/\/www.aurasprayers.com\/de\/wp-json\/wp\/v2\/pages\/854\/revisions"}],"predecessor-version":[{"id":2283,"href":"https:\/\/www.aurasprayers.com\/de\/wp-json\/wp\/v2\/pages\/854\/revisions\/2283"}],"wp:attachment":[{"href":"https:\/\/www.aurasprayers.com\/de\/wp-json\/wp\/v2\/media?parent=854"}],"curies":[{"name":"wp","href":"https:\/\/api.w.org\/{rel}","templated":true}]}}