{"id":852,"date":"2016-03-03T15:42:10","date_gmt":"2016-03-03T14:42:10","guid":{"rendered":"http:\/\/www.aurasprayers.com\/de\/statement-terms-conditions-2\/"},"modified":"2016-08-24T14:14:06","modified_gmt":"2016-08-24T12:14:06","slug":"statement-terms-conditions-2","status":"publish","type":"page","link":"https:\/\/www.aurasprayers.com\/de\/statement-terms-conditions-2\/","title":{"rendered":"Allgemeine Gesch\u00e4ftsbedingungen"},"content":{"rendered":"<h5>Allgemeine Gesch\u00e4ftsbedingungen \/ Allgemeine Kaufbedingungen \/ Qualit\u00e4tssicherungsvereinbarung<\/h5>\n<p>Laden Sie unsere Allgemeinen Gesch\u00e4ftsbedingungen, Allgemeinen Kaufbedingungen und die Qualit\u00e4tssicherungsvereinbarung herunter.<\/p>\n<p><a href=\"http:\/\/www.aurasprayers.com\/wp-content\/uploads\/2016\/06\/2015_AGB_Deutsch.pdf\">Allgemeine Gesch\u00e4ftsbedingungen der J. Wagner GmbH in Deutschland<\/a><\/p>\n<p><a href=\"http:\/\/www.aurasprayers.com\/wp-content\/uploads\/2016\/06\/Einkaufsbedingungen_Deutsch_03-2015.pdf\">Allgemeine Kaufbedingungen<\/a><\/p>\n<p><a href=\"http:\/\/www.aurasprayers.com\/wp-content\/uploads\/2016\/06\/QSV_110328.pdf\">Qualit\u00e4tssicherungsvereinbarung<\/a><\/p>\n","protected":false},"excerpt":{"rendered":"<p>Allgemeine Gesch\u00e4ftsbedingungen \/ Allgemeine Kaufbedingungen \/ Qualit\u00e4tssicherungsvereinbarung Laden Sie unsere Allgemeinen Gesch\u00e4ftsbedingungen, Allgemeinen Kaufbedingungen und die Qualit\u00e4tssicherungsvereinbarung herunter. Allgemeine Gesch\u00e4ftsbedingungen der J. Wagner GmbH in [&hellip;]<\/p>\n","protected":false},"author":2,"featured_media":0,"parent":0,"menu_order":26,"comment_status":"closed","ping_status":"closed","template":"","meta":{"_acf_changed":false,"footnotes":""},"class_list":["post-852","page","type-page","status-publish","hentry"],"acf":[],"_links":{"self":[{"href":"https:\/\/www.aurasprayers.com\/de\/wp-json\/wp\/v2\/pages\/852","targetHints":{"allow":["GET"]}}],"collection":[{"href":"https:\/\/www.aurasprayers.com\/de\/wp-json\/wp\/v2\/pages"}],"about":[{"href":"https:\/\/www.aurasprayers.com\/de\/wp-json\/wp\/v2\/types\/page"}],"author":[{"embeddable":true,"href":"https:\/\/www.aurasprayers.com\/de\/wp-json\/wp\/v2\/users\/2"}],"replies":[{"embeddable":true,"href":"https:\/\/www.aurasprayers.com\/de\/wp-json\/wp\/v2\/comments?post=852"}],"version-history":[{"count":1,"href":"https:\/\/www.aurasprayers.com\/de\/wp-json\/wp\/v2\/pages\/852\/revisions"}],"predecessor-version":[{"id":902,"href":"https:\/\/www.aurasprayers.com\/de\/wp-json\/wp\/v2\/pages\/852\/revisions\/902"}],"wp:attachment":[{"href":"https:\/\/www.aurasprayers.com\/de\/wp-json\/wp\/v2\/media?parent=852"}],"curies":[{"name":"wp","href":"https:\/\/api.w.org\/{rel}","templated":true}]}}